{"id":210,"date":"2017-09-07T15:24:55","date_gmt":"2017-09-07T15:24:55","guid":{"rendered":"http:\/\/www.utopie-congress.org\/?page_id=210"},"modified":"2018-05-04T17:14:35","modified_gmt":"2018-05-04T17:14:35","slug":"antikap-world-championship","status":"publish","type":"page","link":"http:\/\/www.utopie-congress.org\/it\/antikap-world-championship\/","title":{"rendered":"Mondiale di anti-capitalismo (l\u2019Anticap Worldchampionship)"},"content":{"rendered":"<div class=\"entry-content\">\n<p><em>Qualificazioni<\/em><\/p>\n<p>Tutte le squadre che si saranno registrate entro il 13 Maggia 2018 presenteranno il loro gruppo e le loro idee qui: <a href=\"http:\/\/www.utopie.blogsport.eu\/teams\/\">++++<\/a> Il documento dovr\u00e0 essere inviato in formato A4 (circa 3000 carrateri).<\/p>\n<p><em>Gironi e Campionato<\/em><\/p>\n<p>La divisione in gironi e il numero di incontri dipenderanno dal numero di squadre partecipanti<\/p>\n<p><em>Durata dei tempi<\/em><\/p>\n<p>Le partite (dibattiti) si svolgono in 2 tempi da 45 minuti ciascuno; nell\u00b4intervallo tra i due tempi (15 minuti) verranno fatte interviste ed analisi di gioco, cosi come alla fine della partita.<\/p>\n<p><em>Campo di gioco<\/em><\/p>\n<p>Il campo consister\u00e0 in un podio, un palco, un\u00b4aula polifunzionale o una struttura simile, disposta come un vero e proprio campo di calcio (con tanto di cronometro, tabellone, spalti, eccetera)<\/p>\n<p><em>Squadre<\/em><\/p>\n<p>Ogni squadra doura` avene nome , una maglia, uno stemma, un gagliardetto e un inno ufficiale. Prima dell\u00b4inizio della partita. le squadre si scambieranno il gagliardetto e canteranno i loro inni. E poi si d\u00e0 inizio al dibattito! Ogni campo ospiter\u00e0 due squadre che giocheranno contemporaneamente; l\u00b4allenatore potr\u00e0 sostituire i giocatori in base alla strategia migliore per vincere la conferenza. I due team sfidanti copriranno tutte le posizioni in base al modello 4:3:3<\/p>\n<p>Goal\/Obiettivi<\/p>\n<p>Bisogni primari<\/p>\n<p>Difesa<\/p>\n<p>Economia \u2013 Partecipazione politica\/ Forme di governo \u2013 Produzione\/Distribuzione \u2013 Etica<\/p>\n<p>Centrocampo<\/p>\n<p>Proprieta` \u2013 Forme di Rieducatione e Intergrazione dei Condannati \u2013 Istruzione \/ Formazione\/Educazione<\/p>\n<p>Attaco<\/p>\n<p>Ricerca &#8211; Messa in atto &#8211; Ecologia<\/p>\n<p><em>Infrazioni<\/em><\/p>\n<p>Fallo: attacco degli avversari (solo la propria posizione pu\u00f2 essere presentata)<\/p>\n<p>Contrasto irregolare: interrompere la persona che sta parlando<\/p>\n<p>Fuorigioco: Tergiversare, essere vaghi, evitare le domande<\/p>\n<p>Retropassaggio al portiere: giocare strategicamente con il tempo<\/p>\n<p><strong>Tutte le infrazioni possone essere punite con una rimessa laterale, una punizione, della ammonizioni, cartellini gialli e rossi, e tutte le altre misure previste dal gioco del calcio!<\/strong><\/p>\n<p><em>Arbitri<br \/>\n<\/em><\/p>\n<p>Gli arbitri decidono dove si trova la palla e chi rimane in campo nel caso in cui si dovessero verificare infrazioni. Sono inoltre aperti ai suggerimenti da parte del pubblico.<\/p>\n<p><em>Tifosi<\/em><\/p>\n<p>Qui appare la prima differenza tra l\u00b4Anticap e i Mondiali di calcio. Il pubblico potr\u00e0 tifare \u2013 certo \u2013 ma anche influenzare l\u00b4andamento della partita votando sia di persona che in streaming (da qualsiasi Paese, via internet). Non ci saprano solo spettatori passivi!<\/p>\n<p><em>Goal<\/em><\/p>\n<p>I goal vengono stabiliti ogni 15 minuti: sara il pubblico a voare quanto le posizioni presentate sono state convincenti. Solo quando oltre il 70% delle preferenze sar\u00e0 per uno dei due team, verr\u00e0 segnato un goal; se le preferenze sarrano tra l\u00b480 e il 90% verranno segnati due goal, oltre il 90% tre goal.<\/p>\n<p><em>Tiro di rigore<br \/>\n<\/em><\/p>\n<p>Qui il giocatore che dovr\u00e0 tirare il calcio di punizione dovr\u00e0 determinare la posizione dalla quale tirare. In un intervento della durata di un minuto, questo giocatore potr\u00e0 mirare al portiere, che avr\u00e0 diritto a una parata; la parata \u00e8 un intervento di un minuto. Sar\u00e0 poi il pubblico a decretare se \u201cla palla\u201d \u00e8 andata in rete, se si tratta cio\u00e8 di un goal o meno.<\/p>\n<p><em>Tiri di rigore in caso di parita`<br \/>\n<\/em><\/p>\n<p>L\u00b4allenatore decide chi dovr\u00e0 partecipare ai calci di rigore. L\u00b4obiettivo \u00e8 segnare con interventi ben mirati, proprio come a calcio.<\/p>\n<p><em>Phantasy Eleven<\/em><\/p>\n<p>Alla fine dell\u00b4Anticap World Championship, ci sar\u00e0 una squadra vincitrice. Il pubblico premier\u00e0 comunque i migliori 11 giocatori, scelti fra tutte le squadre partecipanti.<\/p>\n<p><em>Scommesse<\/em><\/p>\n<p>Su tutte le partite e i loro esiti potra` essere scommesso. Le scommesse vincenti saranno premiate con libri, riviste, abbonamenti, soggiorni\/partecipazione a progretti sociali e via dicendo.<\/p>\n<\/div>\n","protected":false},"excerpt":{"rendered":"<p>Qualificazioni Tutte le squadre che si saranno registrate entro il 13 Maggia 2018 presenteranno il loro gruppo e le loro idee qui: ++++ Il documento dovr\u00e0 essere inviato in formato A4 (circa 3000 carrateri). Gironi e Campionato La divisione in gironi e il numero di incontri dipenderanno dal numero di squadre partecipanti Durata dei tempi &hellip; <a href=\"http:\/\/www.utopie-congress.org\/it\/antikap-world-championship\/\" class=\"more-link\">Leggi tutto<span class=\"screen-reader-text\"> &#8220;Mondiale di anti-capitalismo (l\u2019Anticap Worldchampionship)&#8221;<\/span><\/a><\/p>\n","protected":false},"author":1,"featured_media":0,"parent":0,"menu_order":0,"comment_status":"closed","ping_status":"closed","template":"","meta":[],"_links":{"self":[{"href":"http:\/\/www.utopie-congress.org\/wp-json\/wp\/v2\/pages\/210"}],"collection":[{"href":"http:\/\/www.utopie-congress.org\/wp-json\/wp\/v2\/pages"}],"about":[{"href":"http:\/\/www.utopie-congress.org\/wp-json\/wp\/v2\/types\/page"}],"author":[{"embeddable":true,"href":"http:\/\/www.utopie-congress.org\/wp-json\/wp\/v2\/users\/1"}],"replies":[{"embeddable":true,"href":"http:\/\/www.utopie-congress.org\/wp-json\/wp\/v2\/comments?post=210"}],"version-history":[{"count":10,"href":"http:\/\/www.utopie-congress.org\/wp-json\/wp\/v2\/pages\/210\/revisions"}],"predecessor-version":[{"id":696,"href":"http:\/\/www.utopie-congress.org\/wp-json\/wp\/v2\/pages\/210\/revisions\/696"}],"wp:attachment":[{"href":"http:\/\/www.utopie-congress.org\/wp-json\/wp\/v2\/media?parent=210"}],"curies":[{"name":"wp","href":"https:\/\/api.w.org\/{rel}","templated":true}]}}