{"id":256,"date":"2017-09-11T14:06:22","date_gmt":"2017-09-11T14:06:22","guid":{"rendered":"http:\/\/www.utopie-congress.org\/?page_id=256"},"modified":"2018-07-24T06:50:06","modified_gmt":"2018-07-24T06:50:06","slug":"teams","status":"publish","type":"page","link":"https:\/\/www.utopie-congress.org\/fr\/teams\/","title":{"rendered":"\u00c9quipes"},"content":{"rendered":"<p><em>Veuillez postuler ici avec le nom de l&rsquo;equipe, le mailot, le logo et l&rsquo;hymne<br \/>\n<\/em><\/p>\n<div id=\"mceu_43\" class=\"wp-link-preview\"><\/div>\n<div id=\"mceu_43\" class=\"wp-link-preview\"><\/div>\n<div role=\"form\" class=\"wpcf7\" id=\"wpcf7-f201-o1\" lang=\"de-DE\" dir=\"ltr\">\n<div class=\"screen-reader-response\"><\/div>\n<form action=\"\/fr\/wp-json\/wp\/v2\/pages\/256#wpcf7-f201-o1\" method=\"post\" class=\"wpcf7-form\" enctype=\"multipart\/form-data\" novalidate=\"novalidate\">\n<div style=\"display: none;\">\n<input type=\"hidden\" name=\"_wpcf7\" value=\"201\" \/>\n<input type=\"hidden\" name=\"_wpcf7_version\" value=\"4.9\" \/>\n<input type=\"hidden\" name=\"_wpcf7_locale\" value=\"de_DE\" \/>\n<input type=\"hidden\" name=\"_wpcf7_unit_tag\" value=\"wpcf7-f201-o1\" \/>\n<input type=\"hidden\" name=\"_wpcf7_container_post\" value=\"0\" \/>\n<\/div>\n<p><label> Euer Teamname*<br \/>\n    <span class=\"wpcf7-form-control-wrap team\"><input type=\"text\" name=\"team\" value=\"\" size=\"40\" class=\"wpcf7-form-control wpcf7-text wpcf7-validates-as-required\" aria-required=\"true\" aria-invalid=\"false\" \/><\/span> <\/label><\/p>\n<p><label> Eure E-Mail-Adresse*<br \/>\n    <span class=\"wpcf7-form-control-wrap mail\"><input type=\"email\" name=\"mail\" value=\"\" size=\"40\" class=\"wpcf7-form-control wpcf7-text wpcf7-email wpcf7-validates-as-required wpcf7-validates-as-email\" aria-required=\"true\" aria-invalid=\"false\" \/><\/span> <\/label><\/p>\n<p><label> Kurzbeschreibung*<br \/>\n    <span class=\"wpcf7-form-control-wrap desc\"><textarea name=\"desc\" cols=\"40\" rows=\"10\" class=\"wpcf7-form-control wpcf7-textarea wpcf7-validates-as-required\" aria-required=\"true\" aria-invalid=\"false\"><\/textarea><\/span> <\/label><\/p>\n<p><label> Hymne<br \/>\n    <span class=\"wpcf7-form-control-wrap hymn\"><input type=\"text\" name=\"hymn\" value=\"\" size=\"40\" class=\"wpcf7-form-control wpcf7-text\" aria-invalid=\"false\" \/><\/span> <\/label><\/p>\n<p><label> Logo<br \/>\n<span class=\"wpcf7-form-control-wrap logo\"><input type=\"file\" name=\"logo\" size=\"40\" class=\"wpcf7-form-control wpcf7-file\" aria-invalid=\"false\" \/><\/span> <\/label><\/p>\n<p><label> Best\u00e4tigung<br \/>\n<span class=\"wpcf7-form-control-wrap checkbox-770\"><span class=\"wpcf7-form-control wpcf7-checkbox wpcf7-validates-as-required\"><span class=\"wpcf7-list-item first last\"><input type=\"checkbox\" name=\"checkbox-770[]\" value=\"Diese Nachricht ist werbefrei\" \/><span class=\"wpcf7-list-item-label\">Diese Nachricht ist werbefrei<\/span><\/span><\/span><\/span> <\/label><\/p>\n<p><input type=\"submit\" value=\"Senden\" class=\"wpcf7-form-control wpcf7-submit\" \/><\/p>\n<div class=\"wpcf7-response-output wpcf7-display-none\"><\/div><\/form><\/div>\n<div id=\"mceu_43\" class=\"wp-link-preview\">\n<p>*champ obligatoire<\/p>\n<h2>Ces \u00e9quipes (2) sont d\u00e9j\u00e0 en registr\u00e9es<\/h2>\n<p><span id=\"result_box\" class=\"\" lang=\"fr\"><span title=\"Teamname \"><strong>Nom de l&rsquo;\u00e9quipe<\/strong><\/span><\/span><\/p>\n<p><span title=\"Utopia ist machbar \">L&rsquo;utopie est faisable<br \/>\n<\/span><\/p>\n<p><span id=\"result_box\" class=\"\" lang=\"fr\"><span title=\"Kurzbeschreibung \u00a0\u00a0\u00a0\u00a0\"><strong>r\u00e9sum\u00e9<\/strong><\/span><\/span><\/p>\n<p><span title=\"In Utopia ist das Geld abgeschafft worden. \u00a0\u00a0\u00a0\u00a0\">En utopie, l&rsquo;argent a \u00e9t\u00e9 aboli.<br \/>\n<\/span><span title=\"Alle Menschen haben freien Zugang zu medizinischen Leistungen, Lebensmittel, Kleidung, Wohnung, Kommunikation, Bildung\/Kultur, Mobilit\u00e4t und Mitwirkung am Gemeinwesen. \u00a0\u00a0\u00a0\u00a0\">Toutes les personnes ont un acc\u00e8s gratuit aux services m\u00e9dicaux, \u00e0 la nourriture, \u00e0 l&rsquo;habillement, au logement, \u00e0 la communication, \u00e0 l&rsquo;\u00e9ducation \/ \u00e0 la culture, \u00e0 la mobilit\u00e9 et \u00e0 la participation communautaire.<br \/>\n<\/span><span title=\"Daf\u00fcr verpflichten sich alle ein festgelegtes Minimum an \u201eArbeit\u201c f\u00fcr die Gemeinschaft zu leisten.\">Pour ce faire, tous s&rsquo;engagent \u00e0 un minimum de \u00abtravail\u00bb pour la communaut\u00e9. <\/span><span title=\"\u201eArbeit\u201c ist in Anf\u00fchrungsstrichen geschrieben, da es sich hierbei um eine selbstbestimmte und frei gew\u00e4hlte T\u00e4tigkeit handelt. \u00a0\u00a0\u00a0\u00a0\">\u00ab\u00a0Travail\u00a0\u00bb est \u00e9crit entre guillemets parce que c&rsquo;est une activit\u00e9 autod\u00e9termin\u00e9e et librement choisie.<br \/>\n<\/span><span title=\"Die Lebenszeit ist das h\u00f6chste Gut des Menschen.\">La vie est le plus grand bien de l&rsquo;homme. <\/span><span title=\"Alle Lebenszeit ist gleich wert und kostbar, unabh\u00e4ngig von Alter, Geschlecht, Hautfarbe, Religion oder k\u00f6rperlicher und geistiger Verfassung. \u00a0\u00a0\u00a0\u00a0\">Toute vie est \u00e9gale et pr\u00e9cieuse, ind\u00e9pendamment de l&rsquo;\u00e2ge, du sexe, de la couleur de peau, de la religion ou de la condition physique et mentale.<br \/>\n<\/span><span title=\"Alle Menschen eines Landes stellen den gleichen Mindestbetrag an Lebenszeit der Allgemeinheit zur Verf\u00fcgung.\">Toutes les personnes d&rsquo;un pays offrent le m\u00eame minimum de dur\u00e9e de vie au grand public. <\/span><span title=\"Damit wird das Leistungs- und Konkurrenzprinzip aufgehoben. \u00a0\u00a0\u00a0\u00a0\">Cela abroge le principe de performance et de comp\u00e9tition.<br \/>\n<\/span><span title=\"Alle gesellschaftlich notwendige Arbeit wird transparent gemacht und allen angeboten. \u00a0\u00a0\u00a0\u00a0\">Tout travail socialement n\u00e9cessaire est rendu transparent et offert \u00e0 tous.<br \/>\n<\/span><span title=\"Durch eine pers\u00f6nliche Chipkarte kann jede\/r seine\/ihr \u201eArbeits\u201ckonto auff\u00fcllen und sich bei den entsprechenden \u201eArbeits\u201cangeboten einloggen oder sie anbieten und sich damit Zugang zu den gesellschaftlichen Angeboten \u00a0\u00a0\u00a0\u00a0\">Gr\u00e2ce \u00e0 une carte \u00e0 puce personnelle, tout le monde peut remplir son compte \u00abtravail\u00bb et se connecter aux offres \u00abtravail\u00bb appropri\u00e9es ou lui offrir l&rsquo;acc\u00e8s aux offres sociales<br \/>\n<\/span><span title=\"Mit der Chipkarte regiert jede\/r einzelne mit.\">Chaque individu a r\u00e9gn\u00e9 avec la carte \u00e0 puce. <\/span><span title=\"Es gibt keine Parteien oder Regierungen mehr.\">Il n&rsquo;y a plus de partis ni de gouvernements. <\/span><span title=\"Auch die Warenproduktion wird mit Hilfe der Chipkarte gesteuert. \u00a0\u00a0\u00a0\u00a0\">La production de biens est contr\u00f4l\u00e9e au moyen de la carte \u00e0 puce.<br \/>\n<\/span><span title=\"Wer bei diesem System nicht mitmachen will, muss nach Notopia gehen. \u00a0\u00a0\u00a0\u00a0\">Qui ne veut pas participer \u00e0 ce syst\u00e8me, doit aller \u00e0 Notopia.<br \/>\n<\/span><span title=\"Die Umsetzung bzw. Verwandlung zu Utopia ist innerhalb von 20 Jahren m\u00f6glich \">La conversion ou la transformation en utopie est possible dans 20 ans<\/span><\/p>\n<p><span title=\"Utopia -Logo\/Trikot \"><strong>Logo Utopia \/ maillot<\/strong><br \/>\n<\/span><\/p>\n<p><span lang=\"fr\"><img decoding=\"async\" loading=\"lazy\" class=\"wp-image-117 size-medium\" src=\"http:\/\/www.utopie-congress.org\/wp-content\/uploads\/2017\/04\/utopia-logo-300x200.jpg\" alt=\"\" width=\"300\" height=\"200\" srcset=\"https:\/\/www.utopie-congress.org\/wp-content\/uploads\/2017\/04\/utopia-logo-300x200.jpg 300w, https:\/\/www.utopie-congress.org\/wp-content\/uploads\/2017\/04\/utopia-logo-768x512.jpg 768w, https:\/\/www.utopie-congress.org\/wp-content\/uploads\/2017\/04\/utopia-logo.jpg 1024w\" sizes=\"(max-width: 300px) 85vw, 300px\" \/><\/span><\/p>\n<p><span id=\"result_box\" class=\"\" lang=\"fr\"><span title=\"Hymne \"><strong>hymne<\/strong><\/span><\/span><\/p>\n<p><span title=\"Keine Macht f\u00fcr niemand (\">Pas de pouvoir pour personne <span id=\"result_box\" class=\"short_text\" lang=\"fr\"><span class=\"\">(Argile, pierres, \u00e9clats)<\/span><\/span><\/span><\/p>\n<p>&#8212;&#8212;&#8212;&#8212;&#8212;&#8212;&#8212;&#8212;&#8212;&#8212;&#8212;&#8212;&#8212;<\/p>\n<div id=\"mceu_43\" class=\"wp-link-preview\"><\/div>\n<p>&#8212;&#8212;&#8212;&#8212;&#8212;&#8212;&#8212;&#8212;&#8212;&#8212;&#8212;&#8212;&#8212;-<\/p>\n<div id=\"mceu_43\" class=\"wp-link-preview\"><span id=\"result_box\" class=\"\" lang=\"fr\"><span title=\"Teamname \"><strong>Nom de l&rsquo;\u00e9quipe<\/strong><br \/>\n<\/span><\/span><\/div>\n<div><\/div>\n<div><span id=\"result_box\" class=\"\" lang=\"fr\"><span title=\"5-Stunden-Woche \u00a0\">semaine 5 heures<br \/>\n<\/span><\/span><\/div>\n<div><\/div>\n<div class=\"wp-link-preview\">\n<p><span id=\"result_box\" class=\"\" lang=\"fr\"><span title=\"Kurzbeschreibung \"><strong>r\u00e9sum\u00e9<\/strong><\/span><\/span><\/p>\n<p><span title=\"Warum ist der Kapitalismus weltweit nicht in der Lage, die Millionenheere von Arbeitslosen erwerbst\u00e4tig zu besch\u00e4ftigen? \">Pourquoi le capitalisme est-il incapable d&#8217;employer les millions de ch\u00f4meurs dans le monde?<\/span><\/p>\n<p><span title=\"Wer dies wissen will, muss genau hinsehen.\">Si vous voulez le savoir, vous devez regarder de plus pr\u00e8s. <\/span><span title=\"Denn nur wer hinsieht, versteht.\">Parce que seuls ceux qui ont l&rsquo;air comprennent. <\/span><span title=\"Wer versteht, f\u00e4ngt an zu rechnen.\">Celui qui comprend commence \u00e0 calculer. <\/span><span title=\"Wer rechnet, beginnt zu entwickeln.\">Qui compte, commence \u00e0 se d\u00e9velopper. <\/span><span title=\"Wer entwickelt, findet neue Ideen.\">Celui qui d\u00e9veloppe trouve de nouvelles id\u00e9es. <\/span><span title=\"Neue Ideen \u00fcberraschen und der Ball findet das Tor.\">De nouvelles id\u00e9es surprennent et la balle trouve la porte. <\/span><span title=\"Und nur begeistert durch Tore gewinnen wir das Spiel. \">Et seulement excit\u00e9 par les objectifs, nous gagnons le match.<\/span><\/p>\n<p><span title=\"Mit einer hoffnungsvollen Utopie wird jeder Schuss zum Treffer, denn was wir heute sehen, ist kaum noch zu ertragen. \">Avec une utopie pleine d&rsquo;espoir, chaque coup sera un succ\u00e8s, car ce que nous voyons aujourd&rsquo;hui est presque insupportable.<\/span><\/p>\n<p><span title=\"Volkswirtschaftlich entgeht uns ein gewaltiger Reichtum.\">\u00c9conomiquement, nous manquons une \u00e9norme richesse. <\/span><span title=\"Denn viele Menschen werden durch die Mechanismen des Kapitalismus zur Arbeitslosigkeit gezwungen.\">Parce que beaucoup de gens sont contraints au ch\u00f4mage par les m\u00e9canismes du capitalisme. <\/span><span title=\"1995 kam eine Konferenz der 500 f\u00fchrenden Topmanager, Politiker und Wirtschaftswissenschaftler der Erde zu dem Ergebnis, da\u00df mit dem beginnenden 21-sten Jahrhundert nur noch 1\/5 der arbeitsf\u00e4higen Weltbev\u00f6lkerung zur Produktion der weltweit nachgefragten G\u00fcter und Dienstleistungen erforderlich sein wird.\">1995 a \u00e9t\u00e9 une conf\u00e9rence de 500 grands cadres sup\u00e9rieurs, des politiciens et des \u00e9conomistes de la terre \u00e0 la conclusion que le d\u00e9but du 21 e si\u00e8cle, seulement 1\/5 de la population mondiale en \u00e2ge de travailler seront n\u00e9cessaires pour produire des biens et services \u00e0 la demande du monde. <\/span><span title=\"(Hans-Peter Martin und Harald Schumann) .\">(Hans-Peter Martin et Harald Schumann). <\/span><span title=\"Hiernach liegt der Reichtum als ein m\u00e4chtiges Arbeitskr\u00e4ftepotential vor, der wegen der allgemeinen Arbeitslosigkeit nicht in vollem Umfang in G\u00fcter und Dienstleistungen umgewandelt wird.\">Selon cette th\u00e9orie, la richesse est consid\u00e9r\u00e9e comme une main-d&rsquo;\u0153uvre puissante qui, en raison du ch\u00f4mage g\u00e9n\u00e9ral, n&rsquo;est pas enti\u00e8rement convertie en biens et services. <\/span><span title=\"Der allgemeine Reichtum an G\u00fcter und Dienstleistungen wird somit im Kapitalismus durch Arbeitslosigkeit verhindert! \">La richesse g\u00e9n\u00e9rale des biens et services est ainsi emp\u00each\u00e9e par le ch\u00f4mage dans le capitalisme!<\/span><\/p>\n<p><span title=\"Eigentumsbasierte Warenwirtschaft und Handel machen den \u00dcberfluss an Arbeitskr\u00e4ften zum Fluch f\u00fcr die Erwerbst\u00e4tigen.\">La gestion des marchandises et le commerce bas\u00e9s sur les biens font de l&rsquo;abondance des travailleurs un fl\u00e9au pour la population active. <\/span><span title=\"Denn das Verh\u00e4ltnis von Angebot und Nachfrage bestimmt den Preis einer jeden Ware.\">Parce que la relation entre l&rsquo;offre et la demande d\u00e9termine le prix de chaque produit. <\/span><span title=\"Da Arbeitskr\u00e4fte nicht wie andere Waren von Markt genommen werden k\u00f6nnen, beginnt ein gnadenloser Wettbewerb und ein Verfall des Preises f\u00fcr menschliche Arbeit.\">Puisque les travailleurs ne peuvent \u00eatre retir\u00e9s du march\u00e9 comme les autres produits, la concurrence sans merci et la baisse du prix du travail humain commencent. <\/span><span title=\"Lohndumping, die Vergr\u00f6\u00dferung des relativen Mehrwertes f\u00fcr Unternehmen, Verdr\u00e4ngungsk\u00e4mpfe um Marktanteile, der damit verbundene tendenzielle Verfall der Profitrate, Kapitalansammlung und die Bildung einer Resevearmee (Arbeitslose) geh\u00f6ren ebenso zu den Folgen wie das Fallen der Staatseinnahmen und die R\u00fccknahme von Sozialleistungen in der Kranken-\">Dumping salarial, l&rsquo;augmentation de la plus-value relative pour les entreprises D\u00c9PLACEMENT luttes pour la part de march\u00e9, la tendance li\u00e9e du d\u00e9clin du taux de profit, l&rsquo;accumulation du capital et la formation d&rsquo;un Resevearmee (ch\u00f4meurs) font \u00e9galement partie des cons\u00e9quences telles que les recettes publiques en baisse et le retrait des prestations en sant\u00e9 <\/span><span title=\", Renten- und Arbeitslosenversicherung.\">, Pension et assurance ch\u00f4mage. <\/span><span title=\"Schlie\u00dflich werden die Arbeitskr\u00e4fte wegen der fallenden L\u00f6hne zu immer l\u00e4ngeren Arbeitszeiten gen\u00f6tigt, damit sie ihren Lebensunterhalt bestreiten k\u00f6nnen.\">Enfin, en raison de la baisse des salaires, les travailleurs sont oblig\u00e9s de travailler plus d&rsquo;heures pour gagner leur vie. <\/span><span title=\"Dies ist der Kapitalismus, durch den sich das Eigentum in den H\u00e4nden weniger sammelt und der \u00fcbrigen Allgemeinheit immer weniger bleibt.\">C&rsquo;est le capitalisme par lequel la propri\u00e9t\u00e9 s&rsquo;accumule moins entre les mains et de moins en moins reste pour le reste du grand public. <\/span><span title=\"Doch der gr\u00f6\u00dfte Teil des Reichtums versiegt durch Arbeitslosigkeit oder g\u00fcterwirtschaftlich unn\u00fctze T\u00e4tigkeiten. \">Mais la plus grande partie de la richesse est ass\u00e9ch\u00e9e par le ch\u00f4mage ou des activit\u00e9s non rentables.<\/span><\/p>\n<p><span title=\"Es gibt eine L\u00f6sung, wenn wir den Kapitalismus mit seinem Handel und seiner eigentumsbasierten Warenwirtschaft \u00fcber Bord schmei\u00dfen.\">Il y a une solution si nous jetons le capitalisme \u00e0 la mer avec son \u00e9conomie marchande et marchande. <\/span><span title=\"Mit einer Welt ohne Geld und ohne Lohnarbeit k\u00f6nnen wir nicht nur Not und Armut weltweit \u00fcberwinden, sondern wir m\u00fcssen bei gleicher Lebensqualit\u00e4t auch erheblich weniger arbeiten.\">Avec un monde sans argent et sans travail salari\u00e9, nous ne pouvons pas seulement surmonter dans le monde entier mis\u00e8re et la pauvret\u00e9, mais nous devons travailler avec la m\u00eame qualit\u00e9 de vie pourrait \u00eatre beaucoup moins. <\/span><span title=\"Wenn wir dann rechnen, die Arbeit auf alle gleichm\u00e4\u00dfig verteilen und eine auf unsere Bed\u00fcrfnisse orientierte Produktion verwirklichen, kommen wir auf durchschnittlich 5 Stunden pro Woche. \">Si nous nous attendons \u00e0 r\u00e9partir le travail \u00e0 tous et r\u00e9aliser orient\u00e9 \u00e0 notre production de besoins, nous arrivons \u00e0 une moyenne de 5 heures par semaine.<\/span><span id=\"result_box\" class=\"\" lang=\"fr\"><\/span><br \/>\n<span id=\"result_box\" class=\"\" lang=\"fr\"><\/span><\/p>\n<\/div>\n<div class=\"wp-link-preview\"><span id=\"result_box\" class=\"\" lang=\"fr\"> <span title=\"Logo\/Trikot \"><strong>Logo \/ jersey<\/strong><\/span><\/span><\/div>\n<div class=\"wp-link-preview\"><span id=\"result_box\" class=\"\" lang=\"fr\"><span title=\"Logo\/Trikot \"><br \/>\n<img decoding=\"async\" loading=\"lazy\" class=\"alignnone size-medium wp-image-507\" src=\"http:\/\/www.utopie-congress.org\/wp-content\/uploads\/2017\/09\/5hw-Logo.jpg\" alt=\"\" width=\"100\" height=\"101\" \/><br \/>\n<\/span><\/span><\/div>\n<div><\/div>\n<div class=\"wp-link-preview\">\n<p>&nbsp;<\/p>\n<p><span id=\"result_box\" class=\"\" lang=\"fr\"><span title=\"Hymne \"><strong>hymne<\/strong><\/span><\/span><\/p>\n<p><span title=\"Ich hab getr\u00e4umt, wir w\u00e4ren frei ... (Ton, Steine, Scherben)\">J&rsquo;ai r\u00eav\u00e9 que nous \u00e9tions libres &#8230; (argile, pierres, \u00e9clats)<\/span><\/p>\n<\/div>\n<div>&#8212;&#8212;&#8212;&#8212;&#8212;&#8212;&#8212;&#8212;&#8212;&#8212;&#8212;&#8212;&#8212;-<\/div>\n<div><\/div>\n<div>\n<div id=\"gt-res-tools\"><\/div>\n<\/div>\n<\/div>\n","protected":false},"excerpt":{"rendered":"<p>Veuillez postuler ici avec le nom de l&rsquo;equipe, le mailot, le logo et l&rsquo;hymne *champ obligatoire Ces \u00e9quipes (2) sont d\u00e9j\u00e0 en registr\u00e9es Nom de l&rsquo;\u00e9quipe L&rsquo;utopie est faisable r\u00e9sum\u00e9 En utopie, l&rsquo;argent a \u00e9t\u00e9 aboli. Toutes les personnes ont un acc\u00e8s gratuit aux services m\u00e9dicaux, \u00e0 la nourriture, \u00e0 l&rsquo;habillement, au logement, \u00e0 la &hellip; <a href=\"https:\/\/www.utopie-congress.org\/fr\/teams\/\" class=\"more-link\">Continuer la lecture<span class=\"screen-reader-text\"> de &laquo;&nbsp;\u00c9quipes&nbsp;&raquo;<\/span><\/a><\/p>\n","protected":false},"author":1,"featured_media":0,"parent":0,"menu_order":0,"comment_status":"closed","ping_status":"closed","template":"","meta":[],"_links":{"self":[{"href":"https:\/\/www.utopie-congress.org\/wp-json\/wp\/v2\/pages\/256"}],"collection":[{"href":"https:\/\/www.utopie-congress.org\/wp-json\/wp\/v2\/pages"}],"about":[{"href":"https:\/\/www.utopie-congress.org\/wp-json\/wp\/v2\/types\/page"}],"author":[{"embeddable":true,"href":"https:\/\/www.utopie-congress.org\/wp-json\/wp\/v2\/users\/1"}],"replies":[{"embeddable":true,"href":"https:\/\/www.utopie-congress.org\/wp-json\/wp\/v2\/comments?post=256"}],"version-history":[{"count":37,"href":"https:\/\/www.utopie-congress.org\/wp-json\/wp\/v2\/pages\/256\/revisions"}],"predecessor-version":[{"id":859,"href":"https:\/\/www.utopie-congress.org\/wp-json\/wp\/v2\/pages\/256\/revisions\/859"}],"wp:attachment":[{"href":"https:\/\/www.utopie-congress.org\/wp-json\/wp\/v2\/media?parent=256"}],"curies":[{"name":"wp","href":"https:\/\/api.w.org\/{rel}","templated":true}]}}