{"id":275,"date":"2017-09-11T14:14:25","date_gmt":"2017-09-11T14:14:25","guid":{"rendered":"http:\/\/www.utopie-congress.org\/?page_id=275"},"modified":"2017-10-22T13:38:28","modified_gmt":"2017-10-22T13:38:28","slug":"start","status":"publish","type":"page","link":"https:\/\/www.utopie-congress.org\/","title":{"rendered":"Congr\u00e8s-Utopie"},"content":{"rendered":"<p>Le mod\u00e8les sociaux anticapitalistes repres\u00e9ntent\/\u00e8laborent<\/p>\n<p><img decoding=\"async\" loading=\"lazy\" class=\"aligncenter wp-image-111\" src=\"http:\/\/www.utopie-congress.org\/wp-content\/uploads\/2017\/05\/utopia_header-klein.jpg\" alt=\"\" width=\"840\" height=\"547\" srcset=\"https:\/\/www.utopie-congress.org\/wp-content\/uploads\/2017\/05\/utopia_header-klein.jpg 864w, https:\/\/www.utopie-congress.org\/wp-content\/uploads\/2017\/05\/utopia_header-klein-300x195.jpg 300w, https:\/\/www.utopie-congress.org\/wp-content\/uploads\/2017\/05\/utopia_header-klein-768x500.jpg 768w\" sizes=\"(max-width: 709px) 85vw, (max-width: 909px) 67vw, (max-width: 1362px) 62vw, 840px\" \/><\/p>\n","protected":false},"excerpt":{"rendered":"<p>Le mod\u00e8les sociaux anticapitalistes repres\u00e9ntent\/\u00e8laborent<\/p>\n","protected":false},"author":1,"featured_media":0,"parent":0,"menu_order":0,"comment_status":"closed","ping_status":"closed","template":"","meta":[],"_links":{"self":[{"href":"https:\/\/www.utopie-congress.org\/wp-json\/wp\/v2\/pages\/275"}],"collection":[{"href":"https:\/\/www.utopie-congress.org\/wp-json\/wp\/v2\/pages"}],"about":[{"href":"https:\/\/www.utopie-congress.org\/wp-json\/wp\/v2\/types\/page"}],"author":[{"embeddable":true,"href":"https:\/\/www.utopie-congress.org\/wp-json\/wp\/v2\/users\/1"}],"replies":[{"embeddable":true,"href":"https:\/\/www.utopie-congress.org\/wp-json\/wp\/v2\/comments?post=275"}],"version-history":[{"count":5,"href":"https:\/\/www.utopie-congress.org\/wp-json\/wp\/v2\/pages\/275\/revisions"}],"predecessor-version":[{"id":446,"href":"https:\/\/www.utopie-congress.org\/wp-json\/wp\/v2\/pages\/275\/revisions\/446"}],"wp:attachment":[{"href":"https:\/\/www.utopie-congress.org\/wp-json\/wp\/v2\/media?parent=275"}],"curies":[{"name":"wp","href":"https:\/\/api.w.org\/{rel}","templated":true}]}}