{"id":257,"date":"2017-09-11T14:06:18","date_gmt":"2017-09-11T14:06:18","guid":{"rendered":"http:\/\/www.utopie-congress.org\/?page_id=257"},"modified":"2018-07-24T06:27:17","modified_gmt":"2018-07-24T06:27:17","slug":"teams","status":"publish","type":"page","link":"https:\/\/www.utopie-congress.org\/it\/teams\/","title":{"rendered":"Teams"},"content":{"rendered":"<p><em>Pervavore registratevi in questi campi con: il nome, breve descrizione, l\u00f6go\/divisa e inno delia squadra<br \/>\n<\/em><\/p>\n<div id=\"mceu_43\" class=\"wp-link-preview\"><\/div>\n<div id=\"mceu_43\" class=\"wp-link-preview\"><\/div>\n<div role=\"form\" class=\"wpcf7\" id=\"wpcf7-f201-o1\" lang=\"de-DE\" dir=\"ltr\">\n<div class=\"screen-reader-response\"><\/div>\n<form action=\"\/it\/wp-json\/wp\/v2\/pages\/257#wpcf7-f201-o1\" method=\"post\" class=\"wpcf7-form\" enctype=\"multipart\/form-data\" novalidate=\"novalidate\">\n<div style=\"display: none;\">\n<input type=\"hidden\" name=\"_wpcf7\" value=\"201\" \/>\n<input type=\"hidden\" name=\"_wpcf7_version\" value=\"4.9\" \/>\n<input type=\"hidden\" name=\"_wpcf7_locale\" value=\"de_DE\" \/>\n<input type=\"hidden\" name=\"_wpcf7_unit_tag\" value=\"wpcf7-f201-o1\" \/>\n<input type=\"hidden\" name=\"_wpcf7_container_post\" value=\"0\" \/>\n<\/div>\n<p><label> Euer Teamname*<br \/>\n    <span class=\"wpcf7-form-control-wrap team\"><input type=\"text\" name=\"team\" value=\"\" size=\"40\" class=\"wpcf7-form-control wpcf7-text wpcf7-validates-as-required\" aria-required=\"true\" aria-invalid=\"false\" \/><\/span> <\/label><\/p>\n<p><label> Eure E-Mail-Adresse*<br \/>\n    <span class=\"wpcf7-form-control-wrap mail\"><input type=\"email\" name=\"mail\" value=\"\" size=\"40\" class=\"wpcf7-form-control wpcf7-text wpcf7-email wpcf7-validates-as-required wpcf7-validates-as-email\" aria-required=\"true\" aria-invalid=\"false\" \/><\/span> <\/label><\/p>\n<p><label> Kurzbeschreibung*<br \/>\n    <span class=\"wpcf7-form-control-wrap desc\"><textarea name=\"desc\" cols=\"40\" rows=\"10\" class=\"wpcf7-form-control wpcf7-textarea wpcf7-validates-as-required\" aria-required=\"true\" aria-invalid=\"false\"><\/textarea><\/span> <\/label><\/p>\n<p><label> Hymne<br \/>\n    <span class=\"wpcf7-form-control-wrap hymn\"><input type=\"text\" name=\"hymn\" value=\"\" size=\"40\" class=\"wpcf7-form-control wpcf7-text\" aria-invalid=\"false\" \/><\/span> <\/label><\/p>\n<p><label> Logo<br \/>\n<span class=\"wpcf7-form-control-wrap logo\"><input type=\"file\" name=\"logo\" size=\"40\" class=\"wpcf7-form-control wpcf7-file\" aria-invalid=\"false\" \/><\/span> <\/label><\/p>\n<p><label> Best\u00e4tigung<br \/>\n<span class=\"wpcf7-form-control-wrap checkbox-770\"><span class=\"wpcf7-form-control wpcf7-checkbox wpcf7-validates-as-required\"><span class=\"wpcf7-list-item first last\"><input type=\"checkbox\" name=\"checkbox-770[]\" value=\"Diese Nachricht ist werbefrei\" \/><span class=\"wpcf7-list-item-label\">Diese Nachricht ist werbefrei<\/span><\/span><\/span><\/span> <\/label><\/p>\n<p><input type=\"submit\" value=\"Senden\" class=\"wpcf7-form-control wpcf7-submit\" \/><\/p>\n<div class=\"wpcf7-response-output wpcf7-display-none\"><\/div><\/form><\/div>\n<div id=\"mceu_43\" class=\"wp-link-preview\">\n<p>*Campo obbligatorio<\/p>\n<h2>Questi team (2) sono gi\u00e0 registrati<\/h2>\n<div id=\"mceu_43\" class=\"wp-link-preview\">\n<p><span id=\"result_box\" class=\"\" lang=\"it\"><span title=\"Team name: Utopia is doable \"><strong>Nome della squadra<\/strong><\/span><\/span><\/p>\n<p><span id=\"result_box\" class=\"\" lang=\"it\"><span title=\"Team name: Utopia is doable \"> l&#8217;utopia \u00e8 fattibile<\/span><\/span><\/p>\n<p><span title=\"Summary \u00a0\u00a0\u00a0\u00a0\"><strong>sommario<\/strong><\/span><\/p>\n<p><span title=\"In Utopia money has been abolished. \u00a0\u00a0\u00a0\u00a0\">In Utopia il denaro \u00e8 stato abolito.<br \/>\n<\/span><span title=\"All people have free access to medical services, food, clothing, housing, communication, education \/ culture, mobility and community involvement. \u00a0\u00a0\u00a0\u00a0\">Tutte le persone hanno libero accesso a servizi medici, cibo, abbigliamento, alloggio, comunicazione, educazione \/ cultura, mobilit\u00e0 e coinvolgimento della comunit\u00e0.<br \/>\n<\/span><span title=\"Everyone commits to provide a minimum &quot;work&quot; for the community.\">Tutti si impegnano ad un minimo &#8220;lavoro&#8221; per la comunit\u00e0. <\/span><span title=\"&quot;Work&quot; is written in quotation marks, since this is a self-determined and freely chosen activity. \u00a0\u00a0\u00a0\u00a0\">Il lavoro \u00e8 scritto tra virgolette, poich\u00e9 si tratta di un&#8217;attivit\u00e0 autodeterminata e liberamente scelta.<br \/>\n<\/span><span title=\"Lifetime is the highest good of man.\">La vita \u00e8 il bene pi\u00f9 alto dell&#8217;uomo. <\/span><span title=\"All life is equal and precious, regardless of age, gender, color, religion or physical and mental condition. \u00a0\u00a0\u00a0\u00a0\">Tutta la vita \u00e8 uguale e preziosa, indipendentemente da et\u00e0, sesso, colore, religione o condizione fisica e mentale.<br \/>\n<\/span><span title=\"All people of one country provide the same minimum amount of lifetime to the community.\">Tutte le persone di un paese forniscono la stessa quantit\u00e0 minima di vita alla comunit\u00e0. <\/span><span title=\"This overcomes the performance and competition principle. \u00a0\u00a0\u00a0\u00a0\">Ci\u00f2 supera il principio delle prestazioni e della concorrenza.<br \/>\n<\/span><span title=\"All socially necessary work is made transparent and offered to all. \u00a0\u00a0\u00a0\u00a0\">Tutto il lavoro socialmente necessario \u00e8 reso trasparente e offerto a tutti.<br \/>\n<\/span><span title=\"By means of a personal chip card, everyone can fill up their &quot;work&quot; account and log on to the corresponding &quot;work&quot; or offer it and thus gain access to the social offers. \u00a0\u00a0\u00a0\u00a0\">Per mezzo di una chip card personale, tutti possono riempire il proprio account di &#8220;lavoro&#8221; e accedere al &#8220;lavoro&#8221; corrispondente o accedere alle offerte sociali.<br \/>\n<\/span><span title=\"Each chip card is controlled by each individual.\">Ogni chip card \u00e8 controllata da ciascun individuo. <\/span><span title=\"There are no parties or governments.\">Non ci sono partiti o governi. <\/span><span title=\"Also, the production of goods is controlled by the chip card. \u00a0\u00a0\u00a0\u00a0\">Quindi, la produzione di beni \u00e8 controllata dalla chip card.\u00a0\u00a0\u00a0\u00a0\u00a0\u00a0\u00a0\u00a0\u00a0\u00a0\u00a0\u00a0\u00a0\u00a0\u00a0\u00a0\u00a0\u00a0\u00a0\u00a0\u00a0\u00a0\u00a0\u00a0\u00a0\u00a0\u00a0\u00a0\u00a0\u00a0\u00a0\u00a0\u00a0\u00a0\u00a0\u00a0\u00a0\u00a0\u00a0\u00a0\u00a0\u00a0\u00a0\u00a0\u00a0\u00a0\u00a0\u00a0\u00a0\u00a0\u00a0\u00a0\u00a0\u00a0\u00a0\u00a0\u00a0\u00a0\u00a0\u00a0\u00a0\u00a0\u00a0\u00a0\u00a0\u00a0\u00a0\u00a0\u00a0\u00a0\u00a0\u00a0\u00a0\u00a0\u00a0\u00a0\u00a0\u00a0\u00a0\u00a0\u00a0\u00a0\u00a0\u00a0\u00a0\u00a0\u00a0\u00a0\u00a0\u00a0\u00a0\u00a0\u00a0\u00a0\u00a0 <\/span><span id=\"result_box\" class=\"\" lang=\"it\"><span title=\"If you do not want to participate in this system, you must go to Notopia. \u00a0\u00a0\u00a0\u00a0\">Se non vuoi partecipare a questo sistema, devi andare su Notopia.<br \/>\n<\/span><span title=\"The implementation or change to Utopia is possible within 20 years! \">L&#8217;implementazione o il passaggio a Utopia \u00e8 possibile entro 20 anni!<\/span><\/span><\/p>\n<p><span title=\"Logo\/Jersey \"><strong>Logo \/ Jersey<\/strong><br \/>\n<img decoding=\"async\" loading=\"lazy\" class=\"wp-image-117 size-medium\" src=\"http:\/\/www.utopie-congress.org\/wp-content\/uploads\/2017\/04\/utopia-logo-300x200.jpg\" alt=\"\" width=\"300\" height=\"200\" srcset=\"https:\/\/www.utopie-congress.org\/wp-content\/uploads\/2017\/04\/utopia-logo-300x200.jpg 300w, https:\/\/www.utopie-congress.org\/wp-content\/uploads\/2017\/04\/utopia-logo-768x512.jpg 768w, https:\/\/www.utopie-congress.org\/wp-content\/uploads\/2017\/04\/utopia-logo.jpg 1024w\" sizes=\"(max-width: 300px) 85vw, 300px\" \/><br \/>\n<\/span><\/p>\n<p><span id=\"result_box\" class=\"\" lang=\"it\"><span title=\"Hymn: No power for anyone (Ton, Steine, Scherben)\"><strong>Inno<\/strong><\/span><\/span><\/p>\n<p><span id=\"result_box\" class=\"\" lang=\"it\"><span title=\"Hymn: No power for anyone (Ton, Steine, Scherben)\"> nessun potere per nessuno (argilla, pietre, frammenti)<\/span><\/span><\/p>\n<p><strong>&#8212;&#8212;&#8212;&#8212;&#8212;&#8212;&#8212;&#8212;&#8212;&#8212;&#8212;&#8212;&#8212;-<\/strong><\/p>\n<\/div>\n<\/div>\n<div id=\"mceu_43\" class=\"wp-link-preview\"><\/div>\n<div class=\"wp-link-preview\">\n<hr \/>\n<p><span id=\"result_box\" class=\"\" lang=\"it\"><span title=\"Teamname \"><strong>nome della squadra<\/strong><\/span><\/span><\/p>\n<p><span title=\"5-Stunden-Woche \u00a0\">settimana 5 ore<br \/>\n<\/span><\/p>\n<p><span id=\"result_box\" class=\"\" lang=\"it\"><span title=\"Kurzbeschreibung \"><strong>sommario<\/strong><\/span><\/span><\/p>\n<p><span title=\"Warum ist der Kapitalismus weltweit nicht in der Lage, die Millionenheere von Arbeitslosen erwerbst\u00e4tig zu besch\u00e4ftigen? \">Perch\u00e9 il capitalismo non \u00e8 in grado di impiegare milioni di disoccupati in tutto il mondo?<\/span><\/p>\n<p><span title=\"Wer dies wissen will, muss genau hinsehen.\">Se vuoi saperlo, devi guardare da vicino. <\/span><span title=\"Denn nur wer hinsieht, versteht.\">Perch\u00e9 solo quelli che sembrano capire. <\/span><span title=\"Wer versteht, f\u00e4ngt an zu rechnen.\">Colui che capisce inizia a calcolare. <\/span><span title=\"Wer rechnet, beginnt zu entwickeln.\">Chi conta, inizia a svilupparsi. <\/span><span title=\"Wer entwickelt, findet neue Ideen.\">Chiunque sviluppa trova nuove idee. <\/span><span title=\"Neue Ideen \u00fcberraschen und der Ball findet das Tor.\">Nuove idee sorprendono e la palla trova il cancello. <\/span><span title=\"Und nur begeistert durch Tore gewinnen wir das Spiel. \">E solo eccitato dagli obiettivi, vinciamo la partita.<\/span><\/p>\n<p><span title=\"Mit einer hoffnungsvollen Utopie wird jeder Schuss zum Treffer, denn was wir heute sehen, ist kaum noch zu ertragen. \">Con un&#8217;utopia piena di speranza, ogni colpo sar\u00e0 un successo, perch\u00e9 quello che vediamo oggi \u00e8 quasi insopportabile.<\/span><\/p>\n<p><span title=\"Volkswirtschaftlich entgeht uns ein gewaltiger Reichtum.\">Economicamente ci manca un&#8217;enorme ricchezza. <\/span><span title=\"Denn viele Menschen werden durch die Mechanismen des Kapitalismus zur Arbeitslosigkeit gezwungen.\">Perch\u00e9 molte persone sono costrette alla disoccupazione dai meccanismi del capitalismo. <\/span><span title=\"1995 kam eine Konferenz der 500 f\u00fchrenden Topmanager, Politiker und Wirtschaftswissenschaftler der Erde zu dem Ergebnis, da\u00df mit dem beginnenden 21-sten Jahrhundert nur noch 1\/5 der arbeitsf\u00e4higen Weltbev\u00f6lkerung zur Produktion der weltweit nachgefragten G\u00fcter und Dienstleistungen erforderlich sein wird.\">Il 1995 \u00e8 stato un convegno di 500 principali top manager, politici ed economisti della terra alla conclusione che con l&#8217;inizio del 21 \u00b0 secolo, sar\u00e0 richiesto solo 1\/5 della popolazione mondiale in et\u00e0 lavorativa di produrre beni e servizi on demand al mondo. <\/span><span title=\"(Hans-Peter Martin und Harald Schumann) .\">(Hans-Peter Martin e Harald Schumann). <\/span><span title=\"Hiernach liegt der Reichtum als ein m\u00e4chtiges Arbeitskr\u00e4ftepotential vor, der wegen der allgemeinen Arbeitslosigkeit nicht in vollem Umfang in G\u00fcter und Dienstleistungen umgewandelt wird.\">Da allora in poi, la ricchezza esiste come una potente forza lavoro, che non \u00e8 convertito a causa del tasso di disoccupazione generale nel pieno di beni e servizi. <\/span><span title=\"Der allgemeine Reichtum an G\u00fcter und Dienstleistungen wird somit im Kapitalismus durch Arbeitslosigkeit verhindert! \">La ricchezza generale di beni e servizi \u00e8 quindi impedita dalla disoccupazione nel capitalismo!<\/span><\/p>\n<p><span title=\"Eigentumsbasierte Warenwirtschaft und Handel machen den \u00dcberfluss an Arbeitskr\u00e4ften zum Fluch f\u00fcr die Erwerbst\u00e4tigen.\">La gestione e il commercio di merci basate sulla propriet\u00e0 fanno dell&#8217;abbondanza di lavoratori una rovina per la popolazione attiva. <\/span><span title=\"Denn das Verh\u00e4ltnis von Angebot und Nachfrage bestimmt den Preis einer jeden Ware.\">Perch\u00e9 la relazione tra offerta e domanda determina il prezzo di ogni merce. <\/span><span title=\"Da Arbeitskr\u00e4fte nicht wie andere Waren von Markt genommen werden k\u00f6nnen, beginnt ein gnadenloser Wettbewerb und ein Verfall des Preises f\u00fcr menschliche Arbeit.\">Dal momento che i lavoratori non possono essere tolti dal mercato come altri beni, la concorrenza spietata e il calo del prezzo del lavoro umano iniziano. <\/span><span title=\"Lohndumping, die Vergr\u00f6\u00dferung des relativen Mehrwertes f\u00fcr Unternehmen, Verdr\u00e4ngungsk\u00e4mpfe um Marktanteile, der damit verbundene tendenzielle Verfall der Profitrate, Kapitalansammlung und die Bildung einer Resevearmee (Arbeitslose) geh\u00f6ren ebenso zu den Folgen wie das Fallen der Staatseinnahmen und die R\u00fccknahme von Sozialleistungen in der Kranken-\">Dumping salariale, l&#8217;aumento del plusvalore relativo per le aziende spostamento lotte per la quota di mercato, la relativa tendenza del declino del saggio di profitto, l&#8217;accumulazione di capitale e la formazione di un Resevearmee (disoccupati) sono anche parte delle conseguenze come entrate pubbliche che cadono e la revoca di vantaggi in materia di salute <\/span><span title=\", Renten- und Arbeitslosenversicherung.\">, Pensione e assicurazione di disoccupazione. <\/span><span title=\"Schlie\u00dflich werden die Arbeitskr\u00e4fte wegen der fallenden L\u00f6hne zu immer l\u00e4ngeren Arbeitszeiten gen\u00f6tigt, damit sie ihren Lebensunterhalt bestreiten k\u00f6nnen.\">Infine, a causa del calo dei salari, i lavoratori sono costretti a lavorare pi\u00f9 ore per guadagnarsi da vivere. <\/span><span title=\"Dies ist der Kapitalismus, durch den sich das Eigentum in den H\u00e4nden weniger sammelt und der \u00fcbrigen Allgemeinheit immer weniger bleibt.\">Questo \u00e8 il capitalismo per cui la propriet\u00e0 si accumula meno nelle mani e sempre meno rimane per il resto del pubblico in generale. <\/span><span title=\"Doch der gr\u00f6\u00dfte Teil des Reichtums versiegt durch Arbeitslosigkeit oder g\u00fcterwirtschaftlich unn\u00fctze T\u00e4tigkeiten. \">Ma la maggior parte della ricchezza \u00e8 prosciugata dalla disoccupazione o da attivit\u00e0 non redditizie.<\/span><\/p>\n<p><span title=\"Es gibt eine L\u00f6sung, wenn wir den Kapitalismus mit seinem Handel und seiner eigentumsbasierten Warenwirtschaft \u00fcber Bord schmei\u00dfen.\">C&#8217;\u00e8 una soluzione se gettiamo il capitalismo in mare con il suo commercio e l&#8217;economia delle merci basata sulle propriet\u00e0. <\/span><span title=\"Mit einer Welt ohne Geld und ohne Lohnarbeit k\u00f6nnen wir nicht nur Not und Armut weltweit \u00fcberwinden, sondern wir m\u00fcssen bei gleicher Lebensqualit\u00e4t auch erheblich weniger arbeiten.\">Con un mondo senza soldi e senza lavoro salariato, non possiamo solo superare le difficolt\u00e0 e la povert\u00e0 in tutto il mondo, ma dobbiamo lavorare con la stessa qualit\u00e0 della vita potrebbe essere molto meno. <\/span><span title=\"Wenn wir dann rechnen, die Arbeit auf alle gleichm\u00e4\u00dfig verteilen und eine auf unsere Bed\u00fcrfnisse orientierte Produktion verwirklichen, kommen wir auf durchschnittlich 5 Stunden pro Woche. \">Se ci aspettiamo di distribuire uniformemente il lavoro a tutti e realizzare un orientato alla nostra produzione esigenze, si arriva a una media di 5 ore alla settimana.<\/span><\/p>\n<p><span id=\"result_box\" class=\"\" lang=\"it\"><span title=\"Logo\/Trikot \"><strong>Logo \/ jersey<\/strong><\/span><\/span><\/p>\n<p><img decoding=\"async\" loading=\"lazy\" class=\"alignnone size-medium wp-image-507\" src=\"http:\/\/www.utopie-congress.org\/wp-content\/uploads\/2017\/09\/5hw-Logo.jpg\" alt=\"\" width=\"100\" height=\"101\" \/><\/p>\n<p><span title=\"Hymne \"><strong>inno<\/strong><\/span><\/p>\n<p><span title=\"Ich hab getr\u00e4umt, wir w\u00e4ren frei ... (Ton, Steine, Scherben)\">Ho sognato che eravamo liberi &#8230; (argilla, pietre, frammenti)<\/span><\/p>\n<hr \/>\n<p>&nbsp;<\/p>\n<\/div>\n","protected":false},"excerpt":{"rendered":"<p>Pervavore registratevi in questi campi con: il nome, breve descrizione, l\u00f6go\/divisa e inno delia squadra *Campo obbligatorio Questi team (2) sono gi\u00e0 registrati Nome della squadra l&#8217;utopia \u00e8 fattibile sommario In Utopia il denaro \u00e8 stato abolito. Tutte le persone hanno libero accesso a servizi medici, cibo, abbigliamento, alloggio, comunicazione, educazione \/ cultura, mobilit\u00e0 e &hellip; <a href=\"https:\/\/www.utopie-congress.org\/it\/teams\/\" class=\"more-link\">Leggi tutto<span class=\"screen-reader-text\"> &#8220;Teams&#8221;<\/span><\/a><\/p>\n","protected":false},"author":1,"featured_media":0,"parent":0,"menu_order":0,"comment_status":"closed","ping_status":"closed","template":"","meta":[],"_links":{"self":[{"href":"https:\/\/www.utopie-congress.org\/wp-json\/wp\/v2\/pages\/257"}],"collection":[{"href":"https:\/\/www.utopie-congress.org\/wp-json\/wp\/v2\/pages"}],"about":[{"href":"https:\/\/www.utopie-congress.org\/wp-json\/wp\/v2\/types\/page"}],"author":[{"embeddable":true,"href":"https:\/\/www.utopie-congress.org\/wp-json\/wp\/v2\/users\/1"}],"replies":[{"embeddable":true,"href":"https:\/\/www.utopie-congress.org\/wp-json\/wp\/v2\/comments?post=257"}],"version-history":[{"count":27,"href":"https:\/\/www.utopie-congress.org\/wp-json\/wp\/v2\/pages\/257\/revisions"}],"predecessor-version":[{"id":854,"href":"https:\/\/www.utopie-congress.org\/wp-json\/wp\/v2\/pages\/257\/revisions\/854"}],"wp:attachment":[{"href":"https:\/\/www.utopie-congress.org\/wp-json\/wp\/v2\/media?parent=257"}],"curies":[{"name":"wp","href":"https:\/\/api.w.org\/{rel}","templated":true}]}}